{"id":455,"date":"2017-03-24T17:45:32","date_gmt":"2017-03-24T17:45:32","guid":{"rendered":"http:\/\/www.transportesazuay.com\/?page_id=455"},"modified":"2017-04-21T04:31:43","modified_gmt":"2017-04-21T04:31:43","slug":"contactos","status":"publish","type":"page","link":"http:\/\/www.transportesazuay.com\/?page_id=455","title":{"rendered":"CONTACTOS"},"content":{"rendered":"<h2>MATRIZ-CUENCA<\/h2>\n<p><a href=\"http:\/\/www.transportesazuay.com\/wp-content\/uploads\/2017\/03\/20170419_092058.jpg\"><img loading=\"lazy\" class=\"alignnone size-full wp-image-608\" src=\"http:\/\/www.transportesazuay.com\/wp-content\/uploads\/2017\/03\/20170419_092058.jpg\" alt=\"\" width=\"992\" height=\"558\" srcset=\"http:\/\/www.transportesazuay.com\/wp-content\/uploads\/2017\/03\/20170419_092058.jpg 992w, http:\/\/www.transportesazuay.com\/wp-content\/uploads\/2017\/03\/20170419_092058-300x169.jpg 300w, http:\/\/www.transportesazuay.com\/wp-content\/uploads\/2017\/03\/20170419_092058-768x432.jpg 768w\" sizes=\"(max-width: 992px) 100vw, 992px\" \/><\/a> <a href=\"http:\/\/www.transportesazuay.com\/wp-content\/uploads\/2017\/03\/20170419_092305.jpg\"><img loading=\"lazy\" class=\"alignnone size-full wp-image-609\" src=\"http:\/\/www.transportesazuay.com\/wp-content\/uploads\/2017\/03\/20170419_092305.jpg\" alt=\"\" width=\"992\" height=\"558\" srcset=\"http:\/\/www.transportesazuay.com\/wp-content\/uploads\/2017\/03\/20170419_092305.jpg 992w, http:\/\/www.transportesazuay.com\/wp-content\/uploads\/2017\/03\/20170419_092305-300x169.jpg 300w, http:\/\/www.transportesazuay.com\/wp-content\/uploads\/2017\/03\/20170419_092305-768x432.jpg 768w\" sizes=\"(max-width: 992px) 100vw, 992px\" \/><\/a><\/p>\n<p>Comun\u00edquese con nosotros para una atenci\u00f3n personalizada.<\/p>\n<p><strong>Direcci\u00f3n: Terminal Terrestre Av. Espa\u00f1a ofc. Interior # 09<\/strong><\/p>\n<p><strong>Telf. 07 \u2013 2823163 \/ 07 \u2013 2839055<\/strong><\/p>\n<p><strong>Cuenca &#8211; Ecuador<\/strong><\/p>\n<div role=\"form\" class=\"wpcf7\" id=\"wpcf7-f568-o1\" lang=\"es-ES\" dir=\"ltr\">\n<div class=\"screen-reader-response\"><p role=\"status\" aria-live=\"polite\" aria-atomic=\"true\"><\/p> <ul><\/ul><\/div>\n<form action=\"\/index.php?rest_route=%2Fwp%2Fv2%2Fpages%2F455#wpcf7-f568-o1\" method=\"post\" class=\"wpcf7-form init\" novalidate=\"novalidate\" data-status=\"init\">\n<div style=\"display: none;\">\n<input type=\"hidden\" name=\"_wpcf7\" value=\"568\" \/>\n<input type=\"hidden\" name=\"_wpcf7_version\" value=\"5.5.4\" \/>\n<input type=\"hidden\" name=\"_wpcf7_locale\" value=\"es_ES\" \/>\n<input type=\"hidden\" name=\"_wpcf7_unit_tag\" value=\"wpcf7-f568-o1\" \/>\n<input type=\"hidden\" name=\"_wpcf7_container_post\" value=\"0\" \/>\n<input type=\"hidden\" name=\"_wpcf7_posted_data_hash\" value=\"\" \/>\n<\/div>\n<p><label> Nombre (requerido)<br \/>\n    <span class=\"wpcf7-form-control-wrap your-name\"><input type=\"text\" name=\"your-name\" value=\"\" size=\"40\" class=\"wpcf7-form-control wpcf7-text wpcf7-validates-as-required\" aria-required=\"true\" aria-invalid=\"false\" \/><\/span> <\/label><\/p>\n<p><label> Tu correo electr\u00f3nico (requerido)<br \/>\n    <span class=\"wpcf7-form-control-wrap your-email\"><input type=\"email\" name=\"your-email\" value=\"\" size=\"40\" class=\"wpcf7-form-control wpcf7-text wpcf7-email wpcf7-validates-as-required wpcf7-validates-as-email\" aria-required=\"true\" aria-invalid=\"false\" \/><\/span> <\/label><\/p>\n<p><label> Asunto<br \/>\n    <span class=\"wpcf7-form-control-wrap your-subject\"><input type=\"text\" name=\"your-subject\" value=\"\" size=\"40\" class=\"wpcf7-form-control wpcf7-text\" aria-invalid=\"false\" \/><\/span> <\/label><\/p>\n<p><label> Mensaje<br \/>\n    <span class=\"wpcf7-form-control-wrap your-message\"><textarea name=\"your-message\" cols=\"40\" rows=\"10\" class=\"wpcf7-form-control wpcf7-textarea\" aria-invalid=\"false\"><\/textarea><\/span> <\/label><\/p>\n<p><input type=\"submit\" value=\"Enviar\" class=\"wpcf7-form-control has-spinner wpcf7-submit\" \/><\/p>\n<div class=\"wpcf7-response-output\" aria-hidden=\"true\"><\/div><\/form><\/div>\n\n<div style=\"clear:both\"><\/div>","protected":false},"excerpt":{"rendered":"<p>MATRIZ-CUENCA Comun\u00edquese con nosotros para una atenci\u00f3n personalizada. Direcci\u00f3n: Terminal Terrestre Av. Espa\u00f1a ofc. Interior # 09 Telf. 07 \u2013 2823163 \/ 07 \u2013 2839055 Cuenca &#8211; Ecuador<\/p>\n","protected":false},"author":1,"featured_media":0,"parent":0,"menu_order":0,"comment_status":"closed","ping_status":"closed","template":"","meta":{"ngg_post_thumbnail":0},"_links":{"self":[{"href":"http:\/\/www.transportesazuay.com\/index.php?rest_route=\/wp\/v2\/pages\/455"}],"collection":[{"href":"http:\/\/www.transportesazuay.com\/index.php?rest_route=\/wp\/v2\/pages"}],"about":[{"href":"http:\/\/www.transportesazuay.com\/index.php?rest_route=\/wp\/v2\/types\/page"}],"author":[{"embeddable":true,"href":"http:\/\/www.transportesazuay.com\/index.php?rest_route=\/wp\/v2\/users\/1"}],"replies":[{"embeddable":true,"href":"http:\/\/www.transportesazuay.com\/index.php?rest_route=%2Fwp%2Fv2%2Fcomments&post=455"}],"version-history":[{"count":10,"href":"http:\/\/www.transportesazuay.com\/index.php?rest_route=\/wp\/v2\/pages\/455\/revisions"}],"predecessor-version":[{"id":610,"href":"http:\/\/www.transportesazuay.com\/index.php?rest_route=\/wp\/v2\/pages\/455\/revisions\/610"}],"wp:attachment":[{"href":"http:\/\/www.transportesazuay.com\/index.php?rest_route=%2Fwp%2Fv2%2Fmedia&parent=455"}],"curies":[{"name":"wp","href":"https:\/\/api.w.org\/{rel}","templated":true}]}}