{"id":446,"date":"2017-03-24T17:37:03","date_gmt":"2017-03-24T17:37:03","guid":{"rendered":"http:\/\/www.transportesazuay.com\/?page_id=446"},"modified":"2017-04-21T04:26:15","modified_gmt":"2017-04-21T04:26:15","slug":"rutas","status":"publish","type":"page","link":"http:\/\/www.transportesazuay.com\/?page_id=446","title":{"rendered":"RUTAS"},"content":{"rendered":"<h3 style=\"text-align: center;\">BIENVENIDOS<\/h3>\n<h3 style=\"text-align: center;\">Salidas diarias al Sur del Ecuador y hacia el Per\u00fa, en el trayecto encontrar\u00e1 hermosos paisajes y destinos de inter\u00e9s, sin duda disfrutar\u00e1 su viaje con la mejor experiencia en el camino Transportes Azuay,<\/h3>\n<p><!-- index.php -->\n<div\n\tclass=\"ngg-galleryoverview ngg-ajax-pagination-none\"\n\tid=\"ngg-gallery-62fcff4b7a2cf43637a78944ac9e3aee-1\">\n\n    \t<div class=\"slideshowlink\">\n        <a href='http:\/\/www.transportesazuay.com\/index.php\/nggallery\/slideshow?page_id=446'>DISFRUTE DEL TURISMO<\/a>\n\t\t\n\t<\/div>\n\t\t\t<!-- Thumbnails -->\n\t\t\t\t<div id=\"ngg-image-0\" class=\"ngg-gallery-thumbnail-box\" >\n\t\t\t\t        <div class=\"ngg-gallery-thumbnail\">\n            <a href=\"http:\/\/www.transportesazuay.com\/wp-content\/gallery\/atractivos-hacia-el-sur\/Museo-Casa-de-los-Tratados-_3.jpg\"\n               title=\"GIRON-Museo Casa de los Tratados\"\n               data-src=\"http:\/\/www.transportesazuay.com\/wp-content\/gallery\/atractivos-hacia-el-sur\/Museo-Casa-de-los-Tratados-_3.jpg\"\n               data-thumbnail=\"http:\/\/www.transportesazuay.com\/wp-content\/gallery\/atractivos-hacia-el-sur\/thumbs\/thumbs_Museo-Casa-de-los-Tratados-_3.jpg\"\n               data-image-id=\"59\"\n               data-title=\"GIRON-Museo Casa de los Tratados\"\n               data-description=\"GIRON-Museo Casa de los Tratados\"\n               data-image-slug=\"museo-casa-de-los-tratados-_3\"\n               class=\"ngg-fancybox\" rel=\"62fcff4b7a2cf43637a78944ac9e3aee\">\n                <img\n                    title=\"GIRON-Museo Casa de los Tratados\"\n                    alt=\"GIRON-Museo Casa de los Tratados\"\n                    src=\"http:\/\/www.transportesazuay.com\/wp-content\/gallery\/atractivos-hacia-el-sur\/thumbs\/thumbs_Museo-Casa-de-los-Tratados-_3.jpg\"\n                    width=\"120\"\n                    height=\"90\"\n                    style=\"max-width:100%;\"\n                \/>\n            <\/a>\n        <\/div>\n\t\t\t\t\t\t\t<\/div> \n\t\t\t\n        \n\t\t\t\t<div id=\"ngg-image-1\" class=\"ngg-gallery-thumbnail-box\" >\n\t\t\t\t        <div class=\"ngg-gallery-thumbnail\">\n            <a href=\"http:\/\/www.transportesazuay.com\/wp-content\/gallery\/atractivos-hacia-el-sur\/1-dsc07391-1.jpg\"\n               title=\"SANTA ISABEL\"\n               data-src=\"http:\/\/www.transportesazuay.com\/wp-content\/gallery\/atractivos-hacia-el-sur\/1-dsc07391-1.jpg\"\n               data-thumbnail=\"http:\/\/www.transportesazuay.com\/wp-content\/gallery\/atractivos-hacia-el-sur\/thumbs\/thumbs_1-dsc07391-1.jpg\"\n               data-image-id=\"61\"\n               data-title=\"SANTA ISABEL\"\n               data-description=\"SANTA ISABEL\"\n               data-image-slug=\"1-dsc07391-1\"\n               class=\"ngg-fancybox\" rel=\"62fcff4b7a2cf43637a78944ac9e3aee\">\n                <img\n                    title=\"SANTA ISABEL\"\n                    alt=\"SANTA ISABEL\"\n                    src=\"http:\/\/www.transportesazuay.com\/wp-content\/gallery\/atractivos-hacia-el-sur\/thumbs\/thumbs_1-dsc07391-1.jpg\"\n                    width=\"120\"\n                    height=\"90\"\n                    style=\"max-width:100%;\"\n                \/>\n            <\/a>\n        <\/div>\n\t\t\t\t\t\t\t<\/div> \n\t\t\t\n        \n\t\t\t\t<div id=\"ngg-image-2\" class=\"ngg-gallery-thumbnail-box\" >\n\t\t\t\t        <div class=\"ngg-gallery-thumbnail\">\n            <a href=\"http:\/\/www.transportesazuay.com\/wp-content\/gallery\/atractivos-hacia-el-sur\/18040167.jpg\"\n               title=\"VALLE DE YUNGUILLA\"\n               data-src=\"http:\/\/www.transportesazuay.com\/wp-content\/gallery\/atractivos-hacia-el-sur\/18040167.jpg\"\n               data-thumbnail=\"http:\/\/www.transportesazuay.com\/wp-content\/gallery\/atractivos-hacia-el-sur\/thumbs\/thumbs_18040167.jpg\"\n               data-image-id=\"60\"\n               data-title=\"VALLE DE YUNGUILLA\"\n               data-description=\"VALLE DE YUNGUILLA\"\n               data-image-slug=\"18040167\"\n               class=\"ngg-fancybox\" rel=\"62fcff4b7a2cf43637a78944ac9e3aee\">\n                <img\n                    title=\"VALLE DE YUNGUILLA\"\n                    alt=\"VALLE DE YUNGUILLA\"\n                    src=\"http:\/\/www.transportesazuay.com\/wp-content\/gallery\/atractivos-hacia-el-sur\/thumbs\/thumbs_18040167.jpg\"\n                    width=\"120\"\n                    height=\"90\"\n                    style=\"max-width:100%;\"\n                \/>\n            <\/a>\n        <\/div>\n\t\t\t\t\t\t\t<\/div> \n\t\t\t\n        \n\t\t\t\t<div id=\"ngg-image-3\" class=\"ngg-gallery-thumbnail-box\" >\n\t\t\t\t        <div class=\"ngg-gallery-thumbnail\">\n            <a href=\"http:\/\/www.transportesazuay.com\/wp-content\/gallery\/atractivos-hacia-el-sur\/272094ae5a46a6f7541ab4f28788f105_L.jpg\"\n               title=\"TUNEL SAN FRANCISCO\"\n               data-src=\"http:\/\/www.transportesazuay.com\/wp-content\/gallery\/atractivos-hacia-el-sur\/272094ae5a46a6f7541ab4f28788f105_L.jpg\"\n               data-thumbnail=\"http:\/\/www.transportesazuay.com\/wp-content\/gallery\/atractivos-hacia-el-sur\/thumbs\/thumbs_272094ae5a46a6f7541ab4f28788f105_L.jpg\"\n               data-image-id=\"57\"\n               data-title=\"TUNEL SAN FRANCISCO\"\n               data-description=\"TUNEL SAN FRANCISCO\"\n               data-image-slug=\"272094ae5a46a6f7541ab4f28788f105_l\"\n               class=\"ngg-fancybox\" rel=\"62fcff4b7a2cf43637a78944ac9e3aee\">\n                <img\n                    title=\"TUNEL SAN FRANCISCO\"\n                    alt=\"TUNEL SAN FRANCISCO\"\n                    src=\"http:\/\/www.transportesazuay.com\/wp-content\/gallery\/atractivos-hacia-el-sur\/thumbs\/thumbs_272094ae5a46a6f7541ab4f28788f105_L.jpg\"\n                    width=\"120\"\n                    height=\"90\"\n                    style=\"max-width:100%;\"\n                \/>\n            <\/a>\n        <\/div>\n\t\t\t\t\t\t\t<\/div> \n\t\t\t\n        \n\t\t\t\t<div id=\"ngg-image-4\" class=\"ngg-gallery-thumbnail-box\" >\n\t\t\t\t        <div class=\"ngg-gallery-thumbnail\">\n            <a href=\"http:\/\/www.transportesazuay.com\/wp-content\/gallery\/atractivos-hacia-el-sur\/HIDROELECTRICA.jpg\"\n               title=\"HIDROELECTRICA SAN FRANCISCO\"\n               data-src=\"http:\/\/www.transportesazuay.com\/wp-content\/gallery\/atractivos-hacia-el-sur\/HIDROELECTRICA.jpg\"\n               data-thumbnail=\"http:\/\/www.transportesazuay.com\/wp-content\/gallery\/atractivos-hacia-el-sur\/thumbs\/thumbs_HIDROELECTRICA.jpg\"\n               data-image-id=\"58\"\n               data-title=\"HIDROELECTRICA SAN FRANCISCO\"\n               data-description=\"HIDROELECTRICA SAN FRANCISCO\"\n               data-image-slug=\"hidroelectrica\"\n               class=\"ngg-fancybox\" rel=\"62fcff4b7a2cf43637a78944ac9e3aee\">\n                <img\n                    title=\"HIDROELECTRICA SAN FRANCISCO\"\n                    alt=\"HIDROELECTRICA SAN FRANCISCO\"\n                    src=\"http:\/\/www.transportesazuay.com\/wp-content\/gallery\/atractivos-hacia-el-sur\/thumbs\/thumbs_HIDROELECTRICA.jpg\"\n                    width=\"120\"\n                    height=\"90\"\n                    style=\"max-width:100%;\"\n                \/>\n            <\/a>\n        <\/div>\n\t\t\t\t\t\t\t<\/div> \n\t\t\t\n        \n\t\t\n\t\t<!-- Pagination -->\n\t<div class='ngg-clear'><\/div>\t<\/div>\n<a href=\"http:\/\/www.transportesazuay.com\/wp-content\/uploads\/2017\/03\/RUTAS.png\"><img loading=\"lazy\" class=\"size-full wp-image-447 aligncenter\" src=\"http:\/\/www.transportesazuay.com\/wp-content\/uploads\/2017\/03\/RUTAS.png\" alt=\"\" width=\"1064\" height=\"1912\" srcset=\"http:\/\/www.transportesazuay.com\/wp-content\/uploads\/2017\/03\/RUTAS.png 1064w, http:\/\/www.transportesazuay.com\/wp-content\/uploads\/2017\/03\/RUTAS-167x300.png 167w, http:\/\/www.transportesazuay.com\/wp-content\/uploads\/2017\/03\/RUTAS-768x1380.png 768w, http:\/\/www.transportesazuay.com\/wp-content\/uploads\/2017\/03\/RUTAS-570x1024.png 570w\" sizes=\"(max-width: 1064px) 100vw, 1064px\" \/><\/a><\/p>\n<p>&nbsp;<\/p>\n<p>&nbsp;<\/p>\n<p>&nbsp;<\/p>\n<p><span style=\"border-radius: 2px; text-indent: 20px; width: auto; padding: 0px 4px 0px 0px; text-align: center; font: bold 11px\/20px 'Helvetica Neue',Helvetica,sans-serif; color: #ffffff; background: #bd081c no-repeat scroll 3px 50% \/ 14px 14px; position: absolute; opacity: 1; z-index: 8675309; display: none; cursor: pointer; top: 86px; left: 20px;\">Guardar<\/span><\/p>\n<p><span style=\"border-radius: 2px; text-indent: 20px; width: auto; padding: 0px 4px 0px 0px; text-align: center; font: bold 11px\/20px 'Helvetica Neue',Helvetica,sans-serif; color: #ffffff; background: #bd081c no-repeat scroll 3px 50% \/ 14px 14px; position: absolute; opacity: 1; z-index: 8675309; display: none; cursor: pointer; top: 132px; left: 20px;\">Guardar<\/span><\/p>\n<p><span style=\"border-radius: 2px; text-indent: 20px; width: auto; padding: 0px 4px 0px 0px; text-align: center; font: bold 11px\/20px 'Helvetica Neue',Helvetica,sans-serif; color: #ffffff; background: #bd081c no-repeat scroll 3px 50% \/ 14px 14px; position: absolute; opacity: 1; z-index: 8675309; display: none; cursor: pointer; top: 132px; left: 20px;\">Guardar<\/span><\/p>\n<div style=\"clear:both\"><\/div>","protected":false},"excerpt":{"rendered":"<p>BIENVENIDOS Salidas diarias al Sur del Ecuador y hacia el Per\u00fa, en el trayecto encontrar\u00e1 hermosos paisajes y destinos de inter\u00e9s, sin duda disfrutar\u00e1 su viaje con la mejor experiencia en el camino Transportes Azuay, &nbsp; &nbsp; &nbsp; Guardar Guardar Guardar<\/p>\n","protected":false},"author":1,"featured_media":0,"parent":0,"menu_order":0,"comment_status":"closed","ping_status":"closed","template":"fullwidth.php","meta":{"ngg_post_thumbnail":0},"_links":{"self":[{"href":"http:\/\/www.transportesazuay.com\/index.php?rest_route=\/wp\/v2\/pages\/446"}],"collection":[{"href":"http:\/\/www.transportesazuay.com\/index.php?rest_route=\/wp\/v2\/pages"}],"about":[{"href":"http:\/\/www.transportesazuay.com\/index.php?rest_route=\/wp\/v2\/types\/page"}],"author":[{"embeddable":true,"href":"http:\/\/www.transportesazuay.com\/index.php?rest_route=\/wp\/v2\/users\/1"}],"replies":[{"embeddable":true,"href":"http:\/\/www.transportesazuay.com\/index.php?rest_route=%2Fwp%2Fv2%2Fcomments&post=446"}],"version-history":[{"count":13,"href":"http:\/\/www.transportesazuay.com\/index.php?rest_route=\/wp\/v2\/pages\/446\/revisions"}],"predecessor-version":[{"id":607,"href":"http:\/\/www.transportesazuay.com\/index.php?rest_route=\/wp\/v2\/pages\/446\/revisions\/607"}],"wp:attachment":[{"href":"http:\/\/www.transportesazuay.com\/index.php?rest_route=%2Fwp%2Fv2%2Fmedia&parent=446"}],"curies":[{"name":"wp","href":"https:\/\/api.w.org\/{rel}","templated":true}]}}