{"id":35,"date":"2014-04-04T15:20:33","date_gmt":"2014-04-04T15:20:33","guid":{"rendered":"http:\/\/www.transportesazuay.com\/?page_id=35"},"modified":"2017-04-24T21:23:08","modified_gmt":"2017-04-24T21:23:08","slug":"sede","status":"publish","type":"page","link":"http:\/\/www.transportesazuay.com\/?page_id=35","title":{"rendered":"SEDE"},"content":{"rendered":"<h2><strong>INSTALACIONES C\u00d3MODAS<br \/>\n<\/strong><\/h2>\n<p>Nuestra sede ofrece diversos servicios como amplio Sal\u00f3n de Capacitaci\u00f3n para nuestros colaboradores, adem\u00e1s posee canchas deportivas, local para eventos, billar, \u00e1rea de recreaci\u00f3n y muchos otros servicios.&nbsp;<strong>SEDE SOCIAL DE LA COOPERATIVA DE TRANSPORTES AZUAY, <\/strong>se encuatra ubicada en la Av. 12 de Octubre y Av. Don Bosco.<\/p>\n<h3>CAPACITANDO A NUESTROS COLABORADORES<\/h3>\n<!-- index.php -->\n<div\n\tclass=\"ngg-galleryoverview ngg-ajax-pagination-none\"\n\tid=\"ngg-gallery-38269081088c7bdef35baf29cd565c44-1\">\n\n    \t<div class=\"slideshowlink\">\n        <a href='http:\/\/www.transportesazuay.com\/index.php\/nggallery\/slideshow?page_id=35'>CAPACITACIONES<\/a>\n\t\t\n\t<\/div>\n\t\t\t<!-- Thumbnails -->\n\t\t\t\t<div id=\"ngg-image-0\" class=\"ngg-gallery-thumbnail-box\" >\n\t\t\t\t        <div class=\"ngg-gallery-thumbnail\">\n            <a href=\"http:\/\/www.transportesazuay.com\/wp-content\/gallery\/capacitacion\/18051557_10209331357341126_1464037645_n.jpg\"\n               title=\"\"\n               data-src=\"http:\/\/www.transportesazuay.com\/wp-content\/gallery\/capacitacion\/18051557_10209331357341126_1464037645_n.jpg\"\n               data-thumbnail=\"http:\/\/www.transportesazuay.com\/wp-content\/gallery\/capacitacion\/thumbs\/thumbs_18051557_10209331357341126_1464037645_n.jpg\"\n               data-image-id=\"72\"\n               data-title=\"18051557_10209331357341126_1464037645_n\"\n               data-description=\"\"\n               data-image-slug=\"18051557_10209331357341126_1464037645_n\"\n               class=\"ngg-fancybox\" rel=\"38269081088c7bdef35baf29cd565c44\">\n                <img\n                    title=\"18051557_10209331357341126_1464037645_n\"\n                    alt=\"18051557_10209331357341126_1464037645_n\"\n                    src=\"http:\/\/www.transportesazuay.com\/wp-content\/gallery\/capacitacion\/thumbs\/thumbs_18051557_10209331357341126_1464037645_n.jpg\"\n                    width=\"120\"\n                    height=\"90\"\n                    style=\"max-width:100%;\"\n                \/>\n            <\/a>\n        <\/div>\n\t\t\t\t\t\t\t<\/div> \n\t\t\t\n        \n\t\t\t\t<div id=\"ngg-image-1\" class=\"ngg-gallery-thumbnail-box\" >\n\t\t\t\t        <div class=\"ngg-gallery-thumbnail\">\n            <a href=\"http:\/\/www.transportesazuay.com\/wp-content\/gallery\/capacitacion\/18109454_10209331358101145_1480232256_n.jpg\"\n               title=\"\"\n               data-src=\"http:\/\/www.transportesazuay.com\/wp-content\/gallery\/capacitacion\/18109454_10209331358101145_1480232256_n.jpg\"\n               data-thumbnail=\"http:\/\/www.transportesazuay.com\/wp-content\/gallery\/capacitacion\/thumbs\/thumbs_18109454_10209331358101145_1480232256_n.jpg\"\n               data-image-id=\"73\"\n               data-title=\"18109454_10209331358101145_1480232256_n\"\n               data-description=\"\"\n               data-image-slug=\"18109454_10209331358101145_1480232256_n\"\n               class=\"ngg-fancybox\" rel=\"38269081088c7bdef35baf29cd565c44\">\n                <img\n                    title=\"18109454_10209331358101145_1480232256_n\"\n                    alt=\"18109454_10209331358101145_1480232256_n\"\n                    src=\"http:\/\/www.transportesazuay.com\/wp-content\/gallery\/capacitacion\/thumbs\/thumbs_18109454_10209331358101145_1480232256_n.jpg\"\n                    width=\"120\"\n                    height=\"90\"\n                    style=\"max-width:100%;\"\n                \/>\n            <\/a>\n        <\/div>\n\t\t\t\t\t\t\t<\/div> \n\t\t\t\n        \n\t\t\t\t<div id=\"ngg-image-2\" class=\"ngg-gallery-thumbnail-box\" >\n\t\t\t\t        <div class=\"ngg-gallery-thumbnail\">\n            <a href=\"http:\/\/www.transportesazuay.com\/wp-content\/gallery\/capacitacion\/18136768_10209331358781162_1422911132_n.jpg\"\n               title=\"\"\n               data-src=\"http:\/\/www.transportesazuay.com\/wp-content\/gallery\/capacitacion\/18136768_10209331358781162_1422911132_n.jpg\"\n               data-thumbnail=\"http:\/\/www.transportesazuay.com\/wp-content\/gallery\/capacitacion\/thumbs\/thumbs_18136768_10209331358781162_1422911132_n.jpg\"\n               data-image-id=\"74\"\n               data-title=\"18136768_10209331358781162_1422911132_n\"\n               data-description=\"\"\n               data-image-slug=\"18136768_10209331358781162_1422911132_n\"\n               class=\"ngg-fancybox\" rel=\"38269081088c7bdef35baf29cd565c44\">\n                <img\n                    title=\"18136768_10209331358781162_1422911132_n\"\n                    alt=\"18136768_10209331358781162_1422911132_n\"\n                    src=\"http:\/\/www.transportesazuay.com\/wp-content\/gallery\/capacitacion\/thumbs\/thumbs_18136768_10209331358781162_1422911132_n.jpg\"\n                    width=\"120\"\n                    height=\"90\"\n                    style=\"max-width:100%;\"\n                \/>\n            <\/a>\n        <\/div>\n\t\t\t\t\t\t\t<\/div> \n\t\t\t\n        \n\t\t\t\t<div id=\"ngg-image-3\" class=\"ngg-gallery-thumbnail-box\" >\n\t\t\t\t        <div class=\"ngg-gallery-thumbnail\">\n            <a href=\"http:\/\/www.transportesazuay.com\/wp-content\/gallery\/capacitacion\/18142778_10209331358421153_57707908_n.jpg\"\n               title=\"\"\n               data-src=\"http:\/\/www.transportesazuay.com\/wp-content\/gallery\/capacitacion\/18142778_10209331358421153_57707908_n.jpg\"\n               data-thumbnail=\"http:\/\/www.transportesazuay.com\/wp-content\/gallery\/capacitacion\/thumbs\/thumbs_18142778_10209331358421153_57707908_n.jpg\"\n               data-image-id=\"75\"\n               data-title=\"18142778_10209331358421153_57707908_n\"\n               data-description=\"\"\n               data-image-slug=\"18142778_10209331358421153_57707908_n\"\n               class=\"ngg-fancybox\" rel=\"38269081088c7bdef35baf29cd565c44\">\n                <img\n                    title=\"18142778_10209331358421153_57707908_n\"\n                    alt=\"18142778_10209331358421153_57707908_n\"\n                    src=\"http:\/\/www.transportesazuay.com\/wp-content\/gallery\/capacitacion\/thumbs\/thumbs_18142778_10209331358421153_57707908_n.jpg\"\n                    width=\"120\"\n                    height=\"90\"\n                    style=\"max-width:100%;\"\n                \/>\n            <\/a>\n        <\/div>\n\t\t\t\t\t\t\t<\/div> \n\t\t\t\n        \n\t\t\n\t\t<!-- Pagination -->\n\t<div class='ngg-clear'><\/div>\t<\/div>\n\n<h3>NUESTRAS INSTALACIONES DE LA SEDE<\/h3>\n<!-- index.php -->\n<div\n\tclass=\"ngg-galleryoverview ngg-ajax-pagination-none\"\n\tid=\"ngg-gallery-b6bd4ea4d2b93cd247c5623ca44d427d-1\">\n\n    \t<div class=\"slideshowlink\">\n        <a href='http:\/\/www.transportesazuay.com\/index.php\/nggallery\/slideshow?page_id=35'>SEDE<\/a>\n\t\t\n\t<\/div>\n\t\t\t<!-- Thumbnails -->\n\t\t\t\t<div id=\"ngg-image-0\" class=\"ngg-gallery-thumbnail-box\" >\n\t\t\t\t        <div class=\"ngg-gallery-thumbnail\">\n            <a href=\"http:\/\/www.transportesazuay.com\/wp-content\/gallery\/sede\/DSC02261.JPG\"\n               title=\"\"\n               data-src=\"http:\/\/www.transportesazuay.com\/wp-content\/gallery\/sede\/DSC02261.JPG\"\n               data-thumbnail=\"http:\/\/www.transportesazuay.com\/wp-content\/gallery\/sede\/thumbs\/thumbs_DSC02261.JPG\"\n               data-image-id=\"1\"\n               data-title=\"DSC02261\"\n               data-description=\"\"\n               data-image-slug=\"dsc02261\"\n               class=\"ngg-fancybox\" rel=\"b6bd4ea4d2b93cd247c5623ca44d427d\">\n                <img\n                    title=\"DSC02261\"\n                    alt=\"DSC02261\"\n                    src=\"http:\/\/www.transportesazuay.com\/wp-content\/gallery\/sede\/thumbs\/thumbs_DSC02261.JPG\"\n                    width=\"120\"\n                    height=\"90\"\n                    style=\"max-width:100%;\"\n                \/>\n            <\/a>\n        <\/div>\n\t\t\t\t\t\t\t<\/div> \n\t\t\t\n        \n\t\t\t\t<div id=\"ngg-image-1\" class=\"ngg-gallery-thumbnail-box\" >\n\t\t\t\t        <div class=\"ngg-gallery-thumbnail\">\n            <a href=\"http:\/\/www.transportesazuay.com\/wp-content\/gallery\/sede\/DSC02262.JPG\"\n               title=\"\"\n               data-src=\"http:\/\/www.transportesazuay.com\/wp-content\/gallery\/sede\/DSC02262.JPG\"\n               data-thumbnail=\"http:\/\/www.transportesazuay.com\/wp-content\/gallery\/sede\/thumbs\/thumbs_DSC02262.JPG\"\n               data-image-id=\"2\"\n               data-title=\"DSC02262\"\n               data-description=\"\"\n               data-image-slug=\"dsc02262\"\n               class=\"ngg-fancybox\" rel=\"b6bd4ea4d2b93cd247c5623ca44d427d\">\n                <img\n                    title=\"DSC02262\"\n                    alt=\"DSC02262\"\n                    src=\"http:\/\/www.transportesazuay.com\/wp-content\/gallery\/sede\/thumbs\/thumbs_DSC02262.JPG\"\n                    width=\"120\"\n                    height=\"90\"\n                    style=\"max-width:100%;\"\n                \/>\n            <\/a>\n        <\/div>\n\t\t\t\t\t\t\t<\/div> \n\t\t\t\n        \n\t\t\t\t<div id=\"ngg-image-2\" class=\"ngg-gallery-thumbnail-box\" >\n\t\t\t\t        <div class=\"ngg-gallery-thumbnail\">\n            <a href=\"http:\/\/www.transportesazuay.com\/wp-content\/gallery\/sede\/DSC02266.JPG\"\n               title=\"\"\n               data-src=\"http:\/\/www.transportesazuay.com\/wp-content\/gallery\/sede\/DSC02266.JPG\"\n               data-thumbnail=\"http:\/\/www.transportesazuay.com\/wp-content\/gallery\/sede\/thumbs\/thumbs_DSC02266.JPG\"\n               data-image-id=\"5\"\n               data-title=\"DSC02266\"\n               data-description=\"\"\n               data-image-slug=\"dsc02266\"\n               class=\"ngg-fancybox\" rel=\"b6bd4ea4d2b93cd247c5623ca44d427d\">\n                <img\n                    title=\"DSC02266\"\n                    alt=\"DSC02266\"\n                    src=\"http:\/\/www.transportesazuay.com\/wp-content\/gallery\/sede\/thumbs\/thumbs_DSC02266.JPG\"\n                    width=\"120\"\n                    height=\"90\"\n                    style=\"max-width:100%;\"\n                \/>\n            <\/a>\n        <\/div>\n\t\t\t\t\t\t\t<\/div> \n\t\t\t\n        \n\t\t\t\t<div id=\"ngg-image-3\" class=\"ngg-gallery-thumbnail-box\" >\n\t\t\t\t        <div class=\"ngg-gallery-thumbnail\">\n            <a href=\"http:\/\/www.transportesazuay.com\/wp-content\/gallery\/sede\/DSC02267.JPG\"\n               title=\"\"\n               data-src=\"http:\/\/www.transportesazuay.com\/wp-content\/gallery\/sede\/DSC02267.JPG\"\n               data-thumbnail=\"http:\/\/www.transportesazuay.com\/wp-content\/gallery\/sede\/thumbs\/thumbs_DSC02267.JPG\"\n               data-image-id=\"6\"\n               data-title=\"DSC02267\"\n               data-description=\"\"\n               data-image-slug=\"dsc02267\"\n               class=\"ngg-fancybox\" rel=\"b6bd4ea4d2b93cd247c5623ca44d427d\">\n                <img\n                    title=\"DSC02267\"\n                    alt=\"DSC02267\"\n                    src=\"http:\/\/www.transportesazuay.com\/wp-content\/gallery\/sede\/thumbs\/thumbs_DSC02267.JPG\"\n                    width=\"120\"\n                    height=\"90\"\n                    style=\"max-width:100%;\"\n                \/>\n            <\/a>\n        <\/div>\n\t\t\t\t\t\t\t<\/div> \n\t\t\t\n        \n\t\t\t\t<div id=\"ngg-image-4\" class=\"ngg-gallery-thumbnail-box\" >\n\t\t\t\t        <div class=\"ngg-gallery-thumbnail\">\n            <a href=\"http:\/\/www.transportesazuay.com\/wp-content\/gallery\/sede\/DSC02268.JPG\"\n               title=\"\"\n               data-src=\"http:\/\/www.transportesazuay.com\/wp-content\/gallery\/sede\/DSC02268.JPG\"\n               data-thumbnail=\"http:\/\/www.transportesazuay.com\/wp-content\/gallery\/sede\/thumbs\/thumbs_DSC02268.JPG\"\n               data-image-id=\"7\"\n               data-title=\"DSC02268\"\n               data-description=\"\"\n               data-image-slug=\"dsc02268\"\n               class=\"ngg-fancybox\" rel=\"b6bd4ea4d2b93cd247c5623ca44d427d\">\n                <img\n                    title=\"DSC02268\"\n                    alt=\"DSC02268\"\n                    src=\"http:\/\/www.transportesazuay.com\/wp-content\/gallery\/sede\/thumbs\/thumbs_DSC02268.JPG\"\n                    width=\"120\"\n                    height=\"90\"\n                    style=\"max-width:100%;\"\n                \/>\n            <\/a>\n        <\/div>\n\t\t\t\t\t\t\t<\/div> \n\t\t\t\n        \n\t\t\t\t<div id=\"ngg-image-5\" class=\"ngg-gallery-thumbnail-box\" >\n\t\t\t\t        <div class=\"ngg-gallery-thumbnail\">\n            <a href=\"http:\/\/www.transportesazuay.com\/wp-content\/gallery\/sede\/DSC02269.JPG\"\n               title=\"\"\n               data-src=\"http:\/\/www.transportesazuay.com\/wp-content\/gallery\/sede\/DSC02269.JPG\"\n               data-thumbnail=\"http:\/\/www.transportesazuay.com\/wp-content\/gallery\/sede\/thumbs\/thumbs_DSC02269.JPG\"\n               data-image-id=\"8\"\n               data-title=\"DSC02269\"\n               data-description=\"\"\n               data-image-slug=\"dsc02269\"\n               class=\"ngg-fancybox\" rel=\"b6bd4ea4d2b93cd247c5623ca44d427d\">\n                <img\n                    title=\"DSC02269\"\n                    alt=\"DSC02269\"\n                    src=\"http:\/\/www.transportesazuay.com\/wp-content\/gallery\/sede\/thumbs\/thumbs_DSC02269.JPG\"\n                    width=\"120\"\n                    height=\"90\"\n                    style=\"max-width:100%;\"\n                \/>\n            <\/a>\n        <\/div>\n\t\t\t\t\t\t\t<\/div> \n\t\t\t\n        \n\t\t\t\t<div id=\"ngg-image-6\" class=\"ngg-gallery-thumbnail-box\" >\n\t\t\t\t        <div class=\"ngg-gallery-thumbnail\">\n            <a href=\"http:\/\/www.transportesazuay.com\/wp-content\/gallery\/sede\/DSC02270.JPG\"\n               title=\"\"\n               data-src=\"http:\/\/www.transportesazuay.com\/wp-content\/gallery\/sede\/DSC02270.JPG\"\n               data-thumbnail=\"http:\/\/www.transportesazuay.com\/wp-content\/gallery\/sede\/thumbs\/thumbs_DSC02270.JPG\"\n               data-image-id=\"9\"\n               data-title=\"DSC02270\"\n               data-description=\"\"\n               data-image-slug=\"dsc02270\"\n               class=\"ngg-fancybox\" rel=\"b6bd4ea4d2b93cd247c5623ca44d427d\">\n                <img\n                    title=\"DSC02270\"\n                    alt=\"DSC02270\"\n                    src=\"http:\/\/www.transportesazuay.com\/wp-content\/gallery\/sede\/thumbs\/thumbs_DSC02270.JPG\"\n                    width=\"120\"\n                    height=\"90\"\n                    style=\"max-width:100%;\"\n                \/>\n            <\/a>\n        <\/div>\n\t\t\t\t\t\t\t<\/div> \n\t\t\t\n        \n\t\t\t\t<div id=\"ngg-image-7\" class=\"ngg-gallery-thumbnail-box\" >\n\t\t\t\t        <div class=\"ngg-gallery-thumbnail\">\n            <a href=\"http:\/\/www.transportesazuay.com\/wp-content\/gallery\/sede\/DSC02271.JPG\"\n               title=\"\"\n               data-src=\"http:\/\/www.transportesazuay.com\/wp-content\/gallery\/sede\/DSC02271.JPG\"\n               data-thumbnail=\"http:\/\/www.transportesazuay.com\/wp-content\/gallery\/sede\/thumbs\/thumbs_DSC02271.JPG\"\n               data-image-id=\"10\"\n               data-title=\"DSC02271\"\n               data-description=\"\"\n               data-image-slug=\"dsc02271\"\n               class=\"ngg-fancybox\" rel=\"b6bd4ea4d2b93cd247c5623ca44d427d\">\n                <img\n                    title=\"DSC02271\"\n                    alt=\"DSC02271\"\n                    src=\"http:\/\/www.transportesazuay.com\/wp-content\/gallery\/sede\/thumbs\/thumbs_DSC02271.JPG\"\n                    width=\"120\"\n                    height=\"90\"\n                    style=\"max-width:100%;\"\n                \/>\n            <\/a>\n        <\/div>\n\t\t\t\t\t\t\t<\/div> \n\t\t\t\n        \n\t\t\t\t<div id=\"ngg-image-8\" class=\"ngg-gallery-thumbnail-box\" >\n\t\t\t\t        <div class=\"ngg-gallery-thumbnail\">\n            <a href=\"http:\/\/www.transportesazuay.com\/wp-content\/gallery\/sede\/DSC02272.JPG\"\n               title=\"\"\n               data-src=\"http:\/\/www.transportesazuay.com\/wp-content\/gallery\/sede\/DSC02272.JPG\"\n               data-thumbnail=\"http:\/\/www.transportesazuay.com\/wp-content\/gallery\/sede\/thumbs\/thumbs_DSC02272.JPG\"\n               data-image-id=\"11\"\n               data-title=\"DSC02272\"\n               data-description=\"\"\n               data-image-slug=\"dsc02272\"\n               class=\"ngg-fancybox\" rel=\"b6bd4ea4d2b93cd247c5623ca44d427d\">\n                <img\n                    title=\"DSC02272\"\n                    alt=\"DSC02272\"\n                    src=\"http:\/\/www.transportesazuay.com\/wp-content\/gallery\/sede\/thumbs\/thumbs_DSC02272.JPG\"\n                    width=\"120\"\n                    height=\"90\"\n                    style=\"max-width:100%;\"\n                \/>\n            <\/a>\n        <\/div>\n\t\t\t\t\t\t\t<\/div> \n\t\t\t\n        \n\t\t\t\t<div id=\"ngg-image-9\" class=\"ngg-gallery-thumbnail-box\" >\n\t\t\t\t        <div class=\"ngg-gallery-thumbnail\">\n            <a href=\"http:\/\/www.transportesazuay.com\/wp-content\/gallery\/sede\/DSC02273.JPG\"\n               title=\"\"\n               data-src=\"http:\/\/www.transportesazuay.com\/wp-content\/gallery\/sede\/DSC02273.JPG\"\n               data-thumbnail=\"http:\/\/www.transportesazuay.com\/wp-content\/gallery\/sede\/thumbs\/thumbs_DSC02273.JPG\"\n               data-image-id=\"12\"\n               data-title=\"DSC02273\"\n               data-description=\"\"\n               data-image-slug=\"dsc02273\"\n               class=\"ngg-fancybox\" rel=\"b6bd4ea4d2b93cd247c5623ca44d427d\">\n                <img\n                    title=\"DSC02273\"\n                    alt=\"DSC02273\"\n                    src=\"http:\/\/www.transportesazuay.com\/wp-content\/gallery\/sede\/thumbs\/thumbs_DSC02273.JPG\"\n                    width=\"120\"\n                    height=\"90\"\n                    style=\"max-width:100%;\"\n                \/>\n            <\/a>\n        <\/div>\n\t\t\t\t\t\t\t<\/div> \n\t\t\t\n        \n\t\t\t\t<div id=\"ngg-image-10\" class=\"ngg-gallery-thumbnail-box\" >\n\t\t\t\t        <div class=\"ngg-gallery-thumbnail\">\n            <a href=\"http:\/\/www.transportesazuay.com\/wp-content\/gallery\/sede\/DSC02274.JPG\"\n               title=\"\"\n               data-src=\"http:\/\/www.transportesazuay.com\/wp-content\/gallery\/sede\/DSC02274.JPG\"\n               data-thumbnail=\"http:\/\/www.transportesazuay.com\/wp-content\/gallery\/sede\/thumbs\/thumbs_DSC02274.JPG\"\n               data-image-id=\"13\"\n               data-title=\"DSC02274\"\n               data-description=\"\"\n               data-image-slug=\"dsc02274\"\n               class=\"ngg-fancybox\" rel=\"b6bd4ea4d2b93cd247c5623ca44d427d\">\n                <img\n                    title=\"DSC02274\"\n                    alt=\"DSC02274\"\n                    src=\"http:\/\/www.transportesazuay.com\/wp-content\/gallery\/sede\/thumbs\/thumbs_DSC02274.JPG\"\n                    width=\"120\"\n                    height=\"90\"\n                    style=\"max-width:100%;\"\n                \/>\n            <\/a>\n        <\/div>\n\t\t\t\t\t\t\t<\/div> \n\t\t\t\n        \n\t\t\t\t<div id=\"ngg-image-11\" class=\"ngg-gallery-thumbnail-box\" >\n\t\t\t\t        <div class=\"ngg-gallery-thumbnail\">\n            <a href=\"http:\/\/www.transportesazuay.com\/wp-content\/gallery\/sede\/DSC02275.JPG\"\n               title=\"\"\n               data-src=\"http:\/\/www.transportesazuay.com\/wp-content\/gallery\/sede\/DSC02275.JPG\"\n               data-thumbnail=\"http:\/\/www.transportesazuay.com\/wp-content\/gallery\/sede\/thumbs\/thumbs_DSC02275.JPG\"\n               data-image-id=\"14\"\n               data-title=\"DSC02275\"\n               data-description=\"\"\n               data-image-slug=\"dsc02275\"\n               class=\"ngg-fancybox\" rel=\"b6bd4ea4d2b93cd247c5623ca44d427d\">\n                <img\n                    title=\"DSC02275\"\n                    alt=\"DSC02275\"\n                    src=\"http:\/\/www.transportesazuay.com\/wp-content\/gallery\/sede\/thumbs\/thumbs_DSC02275.JPG\"\n                    width=\"120\"\n                    height=\"90\"\n                    style=\"max-width:100%;\"\n                \/>\n            <\/a>\n        <\/div>\n\t\t\t\t\t\t\t<\/div> \n\t\t\t\n        \n\t\t\t\t<div id=\"ngg-image-12\" class=\"ngg-gallery-thumbnail-box\" >\n\t\t\t\t        <div class=\"ngg-gallery-thumbnail\">\n            <a href=\"http:\/\/www.transportesazuay.com\/wp-content\/gallery\/sede\/DSC02276.JPG\"\n               title=\"\"\n               data-src=\"http:\/\/www.transportesazuay.com\/wp-content\/gallery\/sede\/DSC02276.JPG\"\n               data-thumbnail=\"http:\/\/www.transportesazuay.com\/wp-content\/gallery\/sede\/thumbs\/thumbs_DSC02276.JPG\"\n               data-image-id=\"15\"\n               data-title=\"DSC02276\"\n               data-description=\"\"\n               data-image-slug=\"dsc02276\"\n               class=\"ngg-fancybox\" rel=\"b6bd4ea4d2b93cd247c5623ca44d427d\">\n                <img\n                    title=\"DSC02276\"\n                    alt=\"DSC02276\"\n                    src=\"http:\/\/www.transportesazuay.com\/wp-content\/gallery\/sede\/thumbs\/thumbs_DSC02276.JPG\"\n                    width=\"120\"\n                    height=\"90\"\n                    style=\"max-width:100%;\"\n                \/>\n            <\/a>\n        <\/div>\n\t\t\t\t\t\t\t<\/div> \n\t\t\t\n        \n\t\t\t\t<div id=\"ngg-image-13\" class=\"ngg-gallery-thumbnail-box\" >\n\t\t\t\t        <div class=\"ngg-gallery-thumbnail\">\n            <a href=\"http:\/\/www.transportesazuay.com\/wp-content\/gallery\/sede\/DSC02277.JPG\"\n               title=\"\"\n               data-src=\"http:\/\/www.transportesazuay.com\/wp-content\/gallery\/sede\/DSC02277.JPG\"\n               data-thumbnail=\"http:\/\/www.transportesazuay.com\/wp-content\/gallery\/sede\/thumbs\/thumbs_DSC02277.JPG\"\n               data-image-id=\"16\"\n               data-title=\"DSC02277\"\n               data-description=\"\"\n               data-image-slug=\"dsc02277\"\n               class=\"ngg-fancybox\" rel=\"b6bd4ea4d2b93cd247c5623ca44d427d\">\n                <img\n                    title=\"DSC02277\"\n                    alt=\"DSC02277\"\n                    src=\"http:\/\/www.transportesazuay.com\/wp-content\/gallery\/sede\/thumbs\/thumbs_DSC02277.JPG\"\n                    width=\"120\"\n                    height=\"90\"\n                    style=\"max-width:100%;\"\n                \/>\n            <\/a>\n        <\/div>\n\t\t\t\t\t\t\t<\/div> \n\t\t\t\n        \n\t\t\t\t<div id=\"ngg-image-14\" class=\"ngg-gallery-thumbnail-box\" >\n\t\t\t\t        <div class=\"ngg-gallery-thumbnail\">\n            <a href=\"http:\/\/www.transportesazuay.com\/wp-content\/gallery\/sede\/DSC02278.JPG\"\n               title=\"\"\n               data-src=\"http:\/\/www.transportesazuay.com\/wp-content\/gallery\/sede\/DSC02278.JPG\"\n               data-thumbnail=\"http:\/\/www.transportesazuay.com\/wp-content\/gallery\/sede\/thumbs\/thumbs_DSC02278.JPG\"\n               data-image-id=\"17\"\n               data-title=\"DSC02278\"\n               data-description=\"\"\n               data-image-slug=\"dsc02278\"\n               class=\"ngg-fancybox\" rel=\"b6bd4ea4d2b93cd247c5623ca44d427d\">\n                <img\n                    title=\"DSC02278\"\n                    alt=\"DSC02278\"\n                    src=\"http:\/\/www.transportesazuay.com\/wp-content\/gallery\/sede\/thumbs\/thumbs_DSC02278.JPG\"\n                    width=\"120\"\n                    height=\"90\"\n                    style=\"max-width:100%;\"\n                \/>\n            <\/a>\n        <\/div>\n\t\t\t\t\t\t\t<\/div> \n\t\t\t\n        \n\t\t\n\t\t<!-- Pagination -->\n\t<div class='ngg-clear'><\/div>\t<\/div>\n\n<p><span style=\"border-radius: 2px; text-indent: 20px; width: auto; padding: 0px 4px 0px 0px; text-align: center; font: bold 11px\/20px 'Helvetica Neue',Helvetica,sans-serif; color: #ffffff; background: #bd081c no-repeat scroll 3px 50% \/ 14px 14px; position: absolute; opacity: 1; z-index: 8675309; display: none; cursor: pointer;\">Guardar<\/span><\/p>\n<p><span style=\"border-radius: 2px; text-indent: 20px; width: auto; padding: 0px 4px 0px 0px; text-align: center; font: bold 11px\/20px 'Helvetica Neue',Helvetica,sans-serif; color: #ffffff; background: #bd081c no-repeat scroll 3px 50% \/ 14px 14px; position: absolute; opacity: 1; z-index: 8675309; display: none; cursor: pointer; top: 208px; left: 20px;\">Guardar<\/span><\/p>\n<p><span style=\"border-radius: 2px; text-indent: 20px; width: auto; padding: 0px 4px 0px 0px; text-align: center; font: bold 11px\/20px 'Helvetica Neue',Helvetica,sans-serif; color: #ffffff; background: #bd081c no-repeat scroll 3px 50% \/ 14px 14px; position: absolute; opacity: 1; z-index: 8675309; display: none; cursor: pointer;\">Guardar<\/span><\/p>\n<p><span style=\"border-radius: 2px; text-indent: 20px; width: auto; padding: 0px 4px 0px 0px; text-align: center; font: bold 11px\/20px 'Helvetica Neue',Helvetica,sans-serif; color: #ffffff; background: #bd081c  no-repeat scroll 3px 50% \/ 14px 14px; position: absolute; opacity: 1; z-index: 8675309; display: none; cursor: pointer; top: 605px; left: 20px;\">Guardar<\/span><\/p>\n<div style=\"clear:both\"><\/div>","protected":false},"excerpt":{"rendered":"<p>INSTALACIONES C\u00d3MODAS Nuestra sede ofrece diversos servicios como amplio Sal\u00f3n de Capacitaci\u00f3n para nuestros colaboradores, adem\u00e1s posee canchas deportivas, local para eventos, billar, \u00e1rea de recreaci\u00f3n y muchos otros servicios.&nbsp;SEDE SOCIAL DE LA COOPERATIVA DE TRANSPORTES AZUAY, se encuatra ubicada en la Av. 12 de Octubre y Av. Don Bosco. CAPACITANDO A NUESTROS COLABORADORES &nbsp;&hellip;<\/p>\n","protected":false},"author":1,"featured_media":0,"parent":0,"menu_order":0,"comment_status":"closed","ping_status":"closed","template":"","meta":{"ngg_post_thumbnail":0},"_links":{"self":[{"href":"http:\/\/www.transportesazuay.com\/index.php?rest_route=\/wp\/v2\/pages\/35"}],"collection":[{"href":"http:\/\/www.transportesazuay.com\/index.php?rest_route=\/wp\/v2\/pages"}],"about":[{"href":"http:\/\/www.transportesazuay.com\/index.php?rest_route=\/wp\/v2\/types\/page"}],"author":[{"embeddable":true,"href":"http:\/\/www.transportesazuay.com\/index.php?rest_route=\/wp\/v2\/users\/1"}],"replies":[{"embeddable":true,"href":"http:\/\/www.transportesazuay.com\/index.php?rest_route=%2Fwp%2Fv2%2Fcomments&post=35"}],"version-history":[{"count":7,"href":"http:\/\/www.transportesazuay.com\/index.php?rest_route=\/wp\/v2\/pages\/35\/revisions"}],"predecessor-version":[{"id":658,"href":"http:\/\/www.transportesazuay.com\/index.php?rest_route=\/wp\/v2\/pages\/35\/revisions\/658"}],"wp:attachment":[{"href":"http:\/\/www.transportesazuay.com\/index.php?rest_route=%2Fwp%2Fv2%2Fmedia&parent=35"}],"curies":[{"name":"wp","href":"https:\/\/api.w.org\/{rel}","templated":true}]}}