{"id":2,"date":"2014-04-04T13:44:28","date_gmt":"2014-04-04T13:44:28","guid":{"rendered":"http:\/\/www.transportesazuay.com\/?page_id=2"},"modified":"2017-04-05T14:54:56","modified_gmt":"2017-04-05T14:54:56","slug":"pagina-ejemplo","status":"publish","type":"page","link":"http:\/\/www.transportesazuay.com\/?page_id=2","title":{"rendered":"EMPRESA"},"content":{"rendered":"<h2 style=\"text-align: center;\">PRESENTES 56 A\u00d1OS Y PIONEROS EN LA TRANSPORTACION LOCAL Y NACIONAL<\/h2>\n<p><span style=\"text-decoration: underline; color: #99cc00;\"><strong>Trayectoria\/Historia<\/strong><\/span><\/p>\n<p>Pensando en la necesidad de la gente en transportarse de una manera puntual, con seguridad y confort, la empresa nace en la ciudad de Cuenca en el mes de julio de 1961, y es presisamente hace 49 a\u00f1os que surge la idea de formar la Coopertiva de Transportes Azuay.<\/p>\n<p><span style=\"text-decoration: underline; color: #99cc00;\">Inicios<\/span><\/p>\n<p>En sus inicios lo conformaron 16 socios,&nbsp;actualmente formada por 37 socios, haciendose realidad&nbsp;este proyecto que a\u00f1o tras a\u00f1o sigue brindadndo el mejor servio dentro del trasnporte e inmediatamente fue costituida el 10 de marzo de 1962 mediante decreto ejecutivo # 35-42 e inscrita el el registro de cooperativas con el # 38 del 18 de mayo de 1971.<\/p>\n<p><span style=\"text-decoration: underline; color: #99cc00;\"><span style=\"text-decoration: underline;\">Terminales propios<\/span><\/span><\/p>\n<p>Actualmente poseen terminales propios en Machala y Huaquillas, adem\u00e1s diferentes salidas a nivel provincial en diversos turnos y frecuencias; tambi\u00e9n tienen un local que funciona como Sede Social ,&nbsp;en la que cada 15 d\u00edas se reunen para&nbsp;compartir momentos&nbsp;deportivos.<\/p>\n<p><span style=\"line-height: 1.5em;\">Evolucionamos constantemente nuestras Unidades para un servicio de calidad que se merece.&nbsp;<\/span><span style=\"line-height: 1.5em;\">Nuestras unidades que circularon a partir del a\u00f1o 1961.<\/span><\/p>\n<p><a href=\"http:\/\/www.transportesazuay.com\/wp-content\/uploads\/2014\/04\/trans-cuenca1-1.jpg\"><img loading=\"lazy\" class=\"alignnone size-full wp-image-507\" src=\"http:\/\/www.transportesazuay.com\/wp-content\/uploads\/2014\/04\/trans-cuenca1-1.jpg\" alt=\"\" height=\"3192\" width=\"1459\" srcset=\"http:\/\/www.transportesazuay.com\/wp-content\/uploads\/2014\/04\/trans-cuenca1-1.jpg 1459w, http:\/\/www.transportesazuay.com\/wp-content\/uploads\/2014\/04\/trans-cuenca1-1-137x300.jpg 137w, http:\/\/www.transportesazuay.com\/wp-content\/uploads\/2014\/04\/trans-cuenca1-1-768x1680.jpg 768w, http:\/\/www.transportesazuay.com\/wp-content\/uploads\/2014\/04\/trans-cuenca1-1-468x1024.jpg 468w\" sizes=\"(max-width: 1459px) 100vw, 1459px\" \/><\/a><\/p>\n<p>&nbsp;<\/p>\n<p>&nbsp;<\/p>\n<p><span style=\"border-radius: 2px; text-indent: 20px; width: auto; padding: 0px 4px 0px 0px; text-align: center; font: bold 11px\/20px 'Helvetica Neue',Helvetica,sans-serif; color: #ffffff; background: #bd081c no-repeat scroll 3px 50% \/ 14px 14px; position: absolute; opacity: 1; z-index: 8675309; display: none; cursor: pointer; top: 548px; left: 20px;\">Guardar<\/span><\/p>\n<p><span style=\"border-radius: 2px; text-indent: 20px; width: auto; padding: 0px 4px 0px 0px; text-align: center; font: bold 11px\/20px 'Helvetica Neue',Helvetica,sans-serif; color: #ffffff; background: #bd081c no-repeat scroll 3px 50% \/ 14px 14px; position: absolute; opacity: 1; z-index: 8675309; display: none; cursor: pointer;\">Guardar<\/span><\/p>\n<p><span style=\"border-radius: 2px; text-indent: 20px; width: auto; padding: 0px 4px 0px 0px; text-align: center; font: bold 11px\/20px 'Helvetica Neue',Helvetica,sans-serif; color: #ffffff; background: #bd081c no-repeat scroll 3px 50% \/ 14px 14px; position: absolute; opacity: 1; z-index: 8675309; display: none; cursor: pointer; top: 604px; left: 20px;\">Guardar<\/span><\/p>\n<p><span style=\"border-radius: 2px; text-indent: 20px; width: auto; padding: 0px 4px 0px 0px; text-align: center; font: bold 11px\/20px 'Helvetica Neue',Helvetica,sans-serif; color: #ffffff; background: #bd081c  no-repeat scroll 3px 50% \/ 14px 14px; position: absolute; opacity: 1; z-index: 8675309; display: none; cursor: pointer;\">Guardar<\/span><\/p>\n<div style=\"clear:both\"><\/div>","protected":false},"excerpt":{"rendered":"<p>PRESENTES 56 A\u00d1OS Y PIONEROS EN LA TRANSPORTACION LOCAL Y NACIONAL Trayectoria\/Historia Pensando en la necesidad de la gente en transportarse de una manera puntual, con seguridad y confort, la empresa nace en la ciudad de Cuenca en el mes de julio de 1961, y es presisamente hace 49 a\u00f1os que surge la idea de&hellip;<\/p>\n","protected":false},"author":1,"featured_media":0,"parent":0,"menu_order":0,"comment_status":"closed","ping_status":"closed","template":"fullwidth.php","meta":{"ngg_post_thumbnail":0},"_links":{"self":[{"href":"http:\/\/www.transportesazuay.com\/index.php?rest_route=\/wp\/v2\/pages\/2"}],"collection":[{"href":"http:\/\/www.transportesazuay.com\/index.php?rest_route=\/wp\/v2\/pages"}],"about":[{"href":"http:\/\/www.transportesazuay.com\/index.php?rest_route=\/wp\/v2\/types\/page"}],"author":[{"embeddable":true,"href":"http:\/\/www.transportesazuay.com\/index.php?rest_route=\/wp\/v2\/users\/1"}],"replies":[{"embeddable":true,"href":"http:\/\/www.transportesazuay.com\/index.php?rest_route=%2Fwp%2Fv2%2Fcomments&post=2"}],"version-history":[{"count":13,"href":"http:\/\/www.transportesazuay.com\/index.php?rest_route=\/wp\/v2\/pages\/2\/revisions"}],"predecessor-version":[{"id":513,"href":"http:\/\/www.transportesazuay.com\/index.php?rest_route=\/wp\/v2\/pages\/2\/revisions\/513"}],"wp:attachment":[{"href":"http:\/\/www.transportesazuay.com\/index.php?rest_route=%2Fwp%2Fv2%2Fmedia&parent=2"}],"curies":[{"name":"wp","href":"https:\/\/api.w.org\/{rel}","templated":true}]}}